{"id":5140,"date":"2021-11-11T16:39:57","date_gmt":"2022-02-07T17:06:09","guid":{"rendered":"https:\/\/orodent.com\/kit-gengival-3d-vision-stainglaze\/"},"modified":"2025-10-11T14:13:49","modified_gmt":"2025-10-11T12:13:49","slug":"kit-gengival-3d-vision-stainglaze","status":"publish","type":"product","link":"https:\/\/test.orodent.com\/fr\/prodotto\/kit-gengival-3d-vision-stainglaze\/","title":{"rendered":"Kit de vision 3D Gengival"},"content":{"rendered":"<ul>\n<li style=\"font-weight: 400;\" aria-level=\"1\"><b>Kit compos\u00e9 de:<\/b>Soft Pink, Pink, Rose, Cherry, Rubin, Caribbean, Purple, Brasil <\/li>\n<li style=\"font-weight: 400;\" aria-level=\"1\"><b>Masses sculpturales:<\/b>Magnolia, Pink, Light red, Dark red <\/li>\n<li style=\"font-weight: 400;\" aria-level=\"1\">1 gla\u00e7age gingival non fluorescent <\/li>\n<\/ul>\n","protected":false},"excerpt":{"rendered":"<p><span style=\"font-weight: 400\">Avec ses 8 couleurs gingivales et ses 4 masses sculpturales gingivales, le produit recr\u00e9e parfaitement l&#8217;effet et la couleur naturels des gencives. <\/span><\/p>\n<p><span style=\"font-weight: 400\">L&#8217;esth\u00e9tique, le naturel et la vitalit\u00e9 d&#8217;un sourire peuvent \u00eatre obtenus en quelques \u00e9tapes simples.<\/span><\/p>\n","protected":false},"featured_media":14968,"comment_status":"open","ping_status":"closed","template":"","meta":[],"product_brand":[],"product_cat":[227],"product_tag":[],"class_list":{"0":"post-5140","1":"product","2":"type-product","3":"status-publish","4":"has-post-thumbnail","6":"product_cat-ceramique-dentaire","8":"first","9":"instock","10":"taxable","11":"shipping-taxable","12":"purchasable","13":"product-type-simple"},"acf":[],"yoast_head":"<!-- This site is optimized with the Yoast SEO plugin v27.0 - https:\/\/yoast.com\/product\/yoast-seo-wordpress\/ -->\n<title>Kit de vision 3D Gengival &#8211; Orodent<\/title>\n<meta name=\"robots\" content=\"noindex, follow, max-snippet:-1, max-image-preview:large, max-video-preview:-1\" \/>\n<meta property=\"og:locale\" content=\"fr_FR\" \/>\n<meta property=\"og:type\" content=\"article\" \/>\n<meta property=\"og:title\" content=\"Kit de vision 3D Gengival &#8211; Orodent\" \/>\n<meta property=\"og:description\" content=\"Avec ses 8 couleurs gingivales et ses 4 masses sculpturales gingivales, le produit recr\u00e9e parfaitement l&#039;effet et la couleur naturels des gencives.  L&#039;esth\u00e9tique, le naturel et la vitalit\u00e9 d&#039;un sourire peuvent \u00eatre obtenus en quelques \u00e9tapes simples.\" \/>\n<meta property=\"og:url\" content=\"https:\/\/test.orodent.com\/fr\/prodotto\/kit-gengival-3d-vision-stainglaze\/\" \/>\n<meta property=\"og:site_name\" content=\"Orodent\" \/>\n<meta property=\"article:publisher\" content=\"https:\/\/www.facebook.com\/orodentsrl\" \/>\n<meta property=\"article:modified_time\" content=\"2025-10-11T12:13:49+00:00\" \/>\n<meta property=\"og:image\" content=\"https:\/\/test.orodent.com\/wp-content\/uploads\/2021\/11\/kit-gengive-orodent-zirconia-1.webp\" \/>\n\t<meta property=\"og:image:width\" content=\"1080\" \/>\n\t<meta property=\"og:image:height\" content=\"1080\" \/>\n\t<meta property=\"og:image:type\" content=\"image\/webp\" \/>\n<meta name=\"twitter:card\" content=\"summary_large_image\" \/>\n<script type=\"application\/ld+json\" class=\"yoast-schema-graph\">{\"@context\":\"https:\/\/schema.org\",\"@graph\":[{\"@type\":\"WebPage\",\"@id\":\"https:\/\/test.orodent.com\/fr\/prodotto\/kit-gengival-3d-vision-stainglaze\/\",\"url\":\"https:\/\/test.orodent.com\/fr\/prodotto\/kit-gengival-3d-vision-stainglaze\/\",\"name\":\"Kit de vision 3D Gengival &#8211; Orodent\",\"isPartOf\":{\"@id\":\"https:\/\/test.orodent.com\/fr\/#website\"},\"primaryImageOfPage\":{\"@id\":\"https:\/\/test.orodent.com\/fr\/prodotto\/kit-gengival-3d-vision-stainglaze\/#primaryimage\"},\"image\":{\"@id\":\"https:\/\/test.orodent.com\/fr\/prodotto\/kit-gengival-3d-vision-stainglaze\/#primaryimage\"},\"thumbnailUrl\":\"https:\/\/test.orodent.com\/wp-content\/uploads\/2021\/11\/kit-gengive-orodent-zirconia-1.webp\",\"datePublished\":\"2022-02-07T17:06:09+00:00\",\"dateModified\":\"2025-10-11T12:13:49+00:00\",\"breadcrumb\":{\"@id\":\"https:\/\/test.orodent.com\/fr\/prodotto\/kit-gengival-3d-vision-stainglaze\/#breadcrumb\"},\"inLanguage\":\"fr-FR\",\"potentialAction\":[{\"@type\":\"ReadAction\",\"target\":[\"https:\/\/test.orodent.com\/fr\/prodotto\/kit-gengival-3d-vision-stainglaze\/\"]}]},{\"@type\":\"ImageObject\",\"inLanguage\":\"fr-FR\",\"@id\":\"https:\/\/test.orodent.com\/fr\/prodotto\/kit-gengival-3d-vision-stainglaze\/#primaryimage\",\"url\":\"https:\/\/test.orodent.com\/wp-content\/uploads\/2021\/11\/kit-gengive-orodent-zirconia-1.webp\",\"contentUrl\":\"https:\/\/test.orodent.com\/wp-content\/uploads\/2021\/11\/kit-gengive-orodent-zirconia-1.webp\",\"width\":1080,\"height\":1080},{\"@type\":\"BreadcrumbList\",\"@id\":\"https:\/\/test.orodent.com\/fr\/prodotto\/kit-gengival-3d-vision-stainglaze\/#breadcrumb\",\"itemListElement\":[{\"@type\":\"ListItem\",\"position\":1,\"name\":\"Orodent\",\"item\":\"https:\/\/test.orodent.com\/fr\/\"},{\"@type\":\"ListItem\",\"position\":2,\"name\":\"Prodotti\",\"item\":\"https:\/\/test.orodent.com\/prodotti\/\"},{\"@type\":\"ListItem\",\"position\":3,\"name\":\"Kit de vision 3D Gengival\"}]},{\"@type\":\"WebSite\",\"@id\":\"https:\/\/test.orodent.com\/fr\/#website\",\"url\":\"https:\/\/test.orodent.com\/fr\/\",\"name\":\"Orodent\",\"description\":\"Produzione di Dischi in Zirconia e Colori da Infiltrazione\",\"publisher\":{\"@id\":\"https:\/\/test.orodent.com\/fr\/#organization\"},\"potentialAction\":[{\"@type\":\"SearchAction\",\"target\":{\"@type\":\"EntryPoint\",\"urlTemplate\":\"https:\/\/test.orodent.com\/fr\/?s={search_term_string}\"},\"query-input\":{\"@type\":\"PropertyValueSpecification\",\"valueRequired\":true,\"valueName\":\"search_term_string\"}}],\"inLanguage\":\"fr-FR\"},{\"@type\":\"Organization\",\"@id\":\"https:\/\/test.orodent.com\/fr\/#organization\",\"name\":\"Orodent\",\"url\":\"https:\/\/test.orodent.com\/fr\/\",\"logo\":{\"@type\":\"ImageObject\",\"inLanguage\":\"fr-FR\",\"@id\":\"https:\/\/test.orodent.com\/fr\/#\/schema\/logo\/image\/\",\"url\":\"https:\/\/test.orodent.com\/wp-content\/uploads\/2021\/08\/logo-orodent-400.png\",\"contentUrl\":\"https:\/\/test.orodent.com\/wp-content\/uploads\/2021\/08\/logo-orodent-400.png\",\"width\":550,\"height\":240,\"caption\":\"Orodent\"},\"image\":{\"@id\":\"https:\/\/test.orodent.com\/fr\/#\/schema\/logo\/image\/\"},\"sameAs\":[\"https:\/\/www.facebook.com\/orodentsrl\",\"https:\/\/www.instagram.com\/orodent_zirconia\/\",\"https:\/\/www.linkedin.com\/company\/orodent\/\",\"https:\/\/www.youtube.com\/channel\/UCwDcVjzbpcuxZLt_CR5pgVw\"]}]}<\/script>\n<!-- \/ Yoast SEO plugin. -->","yoast_head_json":{"title":"Kit de vision 3D Gengival &#8211; Orodent","robots":{"index":"noindex","follow":"follow","max-snippet":"max-snippet:-1","max-image-preview":"max-image-preview:large","max-video-preview":"max-video-preview:-1"},"og_locale":"fr_FR","og_type":"article","og_title":"Kit de vision 3D Gengival &#8211; Orodent","og_description":"Avec ses 8 couleurs gingivales et ses 4 masses sculpturales gingivales, le produit recr\u00e9e parfaitement l'effet et la couleur naturels des gencives.  L'esth\u00e9tique, le naturel et la vitalit\u00e9 d'un sourire peuvent \u00eatre obtenus en quelques \u00e9tapes simples.","og_url":"https:\/\/test.orodent.com\/fr\/prodotto\/kit-gengival-3d-vision-stainglaze\/","og_site_name":"Orodent","article_publisher":"https:\/\/www.facebook.com\/orodentsrl","article_modified_time":"2025-10-11T12:13:49+00:00","og_image":[{"width":1080,"height":1080,"url":"https:\/\/test.orodent.com\/wp-content\/uploads\/2021\/11\/kit-gengive-orodent-zirconia-1.webp","type":"image\/webp"}],"twitter_card":"summary_large_image","schema":{"@context":"https:\/\/schema.org","@graph":[{"@type":"WebPage","@id":"https:\/\/test.orodent.com\/fr\/prodotto\/kit-gengival-3d-vision-stainglaze\/","url":"https:\/\/test.orodent.com\/fr\/prodotto\/kit-gengival-3d-vision-stainglaze\/","name":"Kit de vision 3D Gengival &#8211; Orodent","isPartOf":{"@id":"https:\/\/test.orodent.com\/fr\/#website"},"primaryImageOfPage":{"@id":"https:\/\/test.orodent.com\/fr\/prodotto\/kit-gengival-3d-vision-stainglaze\/#primaryimage"},"image":{"@id":"https:\/\/test.orodent.com\/fr\/prodotto\/kit-gengival-3d-vision-stainglaze\/#primaryimage"},"thumbnailUrl":"https:\/\/test.orodent.com\/wp-content\/uploads\/2021\/11\/kit-gengive-orodent-zirconia-1.webp","datePublished":"2022-02-07T17:06:09+00:00","dateModified":"2025-10-11T12:13:49+00:00","breadcrumb":{"@id":"https:\/\/test.orodent.com\/fr\/prodotto\/kit-gengival-3d-vision-stainglaze\/#breadcrumb"},"inLanguage":"fr-FR","potentialAction":[{"@type":"ReadAction","target":["https:\/\/test.orodent.com\/fr\/prodotto\/kit-gengival-3d-vision-stainglaze\/"]}]},{"@type":"ImageObject","inLanguage":"fr-FR","@id":"https:\/\/test.orodent.com\/fr\/prodotto\/kit-gengival-3d-vision-stainglaze\/#primaryimage","url":"https:\/\/test.orodent.com\/wp-content\/uploads\/2021\/11\/kit-gengive-orodent-zirconia-1.webp","contentUrl":"https:\/\/test.orodent.com\/wp-content\/uploads\/2021\/11\/kit-gengive-orodent-zirconia-1.webp","width":1080,"height":1080},{"@type":"BreadcrumbList","@id":"https:\/\/test.orodent.com\/fr\/prodotto\/kit-gengival-3d-vision-stainglaze\/#breadcrumb","itemListElement":[{"@type":"ListItem","position":1,"name":"Orodent","item":"https:\/\/test.orodent.com\/fr\/"},{"@type":"ListItem","position":2,"name":"Prodotti","item":"https:\/\/test.orodent.com\/prodotti\/"},{"@type":"ListItem","position":3,"name":"Kit de vision 3D Gengival"}]},{"@type":"WebSite","@id":"https:\/\/test.orodent.com\/fr\/#website","url":"https:\/\/test.orodent.com\/fr\/","name":"Orodent","description":"Produzione di Dischi in Zirconia e Colori da Infiltrazione","publisher":{"@id":"https:\/\/test.orodent.com\/fr\/#organization"},"potentialAction":[{"@type":"SearchAction","target":{"@type":"EntryPoint","urlTemplate":"https:\/\/test.orodent.com\/fr\/?s={search_term_string}"},"query-input":{"@type":"PropertyValueSpecification","valueRequired":true,"valueName":"search_term_string"}}],"inLanguage":"fr-FR"},{"@type":"Organization","@id":"https:\/\/test.orodent.com\/fr\/#organization","name":"Orodent","url":"https:\/\/test.orodent.com\/fr\/","logo":{"@type":"ImageObject","inLanguage":"fr-FR","@id":"https:\/\/test.orodent.com\/fr\/#\/schema\/logo\/image\/","url":"https:\/\/test.orodent.com\/wp-content\/uploads\/2021\/08\/logo-orodent-400.png","contentUrl":"https:\/\/test.orodent.com\/wp-content\/uploads\/2021\/08\/logo-orodent-400.png","width":550,"height":240,"caption":"Orodent"},"image":{"@id":"https:\/\/test.orodent.com\/fr\/#\/schema\/logo\/image\/"},"sameAs":["https:\/\/www.facebook.com\/orodentsrl","https:\/\/www.instagram.com\/orodent_zirconia\/","https:\/\/www.linkedin.com\/company\/orodent\/","https:\/\/www.youtube.com\/channel\/UCwDcVjzbpcuxZLt_CR5pgVw"]}]}},"_links":{"self":[{"href":"https:\/\/test.orodent.com\/fr\/wp-json\/wp\/v2\/product\/5140","targetHints":{"allow":["GET"]}}],"collection":[{"href":"https:\/\/test.orodent.com\/fr\/wp-json\/wp\/v2\/product"}],"about":[{"href":"https:\/\/test.orodent.com\/fr\/wp-json\/wp\/v2\/types\/product"}],"replies":[{"embeddable":true,"href":"https:\/\/test.orodent.com\/fr\/wp-json\/wp\/v2\/comments?post=5140"}],"version-history":[{"count":0,"href":"https:\/\/test.orodent.com\/fr\/wp-json\/wp\/v2\/product\/5140\/revisions"}],"wp:featuredmedia":[{"embeddable":true,"href":"https:\/\/test.orodent.com\/fr\/wp-json\/wp\/v2\/media\/14968"}],"wp:attachment":[{"href":"https:\/\/test.orodent.com\/fr\/wp-json\/wp\/v2\/media?parent=5140"}],"wp:term":[{"taxonomy":"product_brand","embeddable":true,"href":"https:\/\/test.orodent.com\/fr\/wp-json\/wp\/v2\/product_brand?post=5140"},{"taxonomy":"product_cat","embeddable":true,"href":"https:\/\/test.orodent.com\/fr\/wp-json\/wp\/v2\/product_cat?post=5140"},{"taxonomy":"product_tag","embeddable":true,"href":"https:\/\/test.orodent.com\/fr\/wp-json\/wp\/v2\/product_tag?post=5140"}],"curies":[{"name":"wp","href":"https:\/\/api.w.org\/{rel}","templated":true}]}}